{"id":632,"date":"2022-03-21T07:42:33","date_gmt":"2022-03-21T07:42:33","guid":{"rendered":"https:\/\/www.mecs.org.mx\/mecs\/home-2\/"},"modified":"2023-09-22T17:25:37","modified_gmt":"2023-09-22T17:25:37","slug":"home-2","status":"publish","type":"page","link":"https:\/\/www.mecs.org.mx\/mecs\/","title":{"rendered":"Home"},"content":{"rendered":"\n\n\t<h1>\n\t\t\t\t\tXH-XXX\n\t\t\t\t<\/h1>\n\t<h5>\n\t\t\t\t\tRadio Social\n\t\t\t\t<\/h5>\n\t\t\t<p>Radio Social transmitiendo desde xxxx con xxxx Watts de potencia<\/p>\n\t\t\t\t<img decoding=\"async\" src=\"https:\/\/www.mecs.org.mx\/mecs\/wp-content\/uploads\/2022\/10\/antenas-de-radio.jpg\" alt=\"antenas-de-radio\" itemprop=\"image\"\/>\n\t<h2>\n\t\t\t\t\tQuienes somos\n\t\t\t\t<\/h2>\n\t\t\t<p>Somos una asociacion&#8230;.<\/p>\n\t\t\t\t<img decoding=\"async\" src=\"https:\/\/www.mecs.org.mx\/mecs\/wp-content\/uploads\/2023\/09\/colon-cut.png\" alt=\"colon cut\" itemprop=\"image\"\/>\n\t<h3>\n\t\t\t\t\tSocial\n\t\t\t\t<\/h3>\n\t\t\t<p>Mantener informada a la poblaci\u00f3n con hechos relevante<\/p>\n\t\t\t<a href=\"#\" target=\"_self\" role=\"button\" rel=\"noopener\">\n\t\t\t\t\t\tRead More\n\t\t<\/a>\n\t<h3>\n\t\t\t\t\tCultural\n\t\t\t\t<\/h3>\n\t\t\t<p>Difundir cultura<\/p>\n\t\t\t<a href=\"#\" target=\"_self\" role=\"button\" rel=\"noopener\">\n\t\t\t\t\t\tRead More\n\t\t<\/a>\n\t\t\t\t<img decoding=\"async\" src=\"https:\/\/www.mecs.org.mx\/mecs\/wp-content\/uploads\/2023\/09\/antenna-154946_6401.png\" alt=\"antenna-154946_640(1)\" itemprop=\"image\"\/>\n\t\t\t\t<img decoding=\"async\" src=\"https:\/\/www.mecs.org.mx\/mecs\/wp-content\/uploads\/2023\/09\/pexels-pixabay-302871-scaled.jpg\" alt=\"pexels-pixabay-302871\" itemprop=\"image\"\/>\n\t<h3>\n\t\t\t\t\tInteres publico\n\t\t\t\t<\/h3>\n\t\t\t<p>Transmitir informaci\u00f3n y avisos de inter\u00e9s publico<\/p>\n\t\t\t<a href=\"#\" target=\"_self\" role=\"button\" rel=\"noopener\">\n\t\t\t\t\t\tRead More\n\t\t<\/a>\n\t<h6>\n\t\t\t\t\tWhy Choose Me\n\t\t\t\t<\/h6>\n\t<h2>\n\t\t\t\t\tAccurate Record Keeping\n\t\t\t\t<\/h2>\n\t\t\t<p>Lorem ipsum dolor sit amet, consectetur adipiscing elit. Ut elit tellus, luctus nec ullamcorper mattis, pulvinar dapibus leo.<\/p>\n\t<h4>\n\t\t\t\t\tQuieres que la gente te escuche\n\t\t\t\t<\/h4>\n\t\t\t<p>Texto pendiente<\/p>\n\t<h4>\n\t\t\t\t\tAsesoria\n\t\t\t\t<\/h4>\n\t\t\t<p>Te apoyamos en tus proyectos de edici\u00f3n de audio<\/p>\n\t<h4>\n\t\t\t\t\tTransmision 24\/7\n\t\t\t\t<\/h4>\n\t\t\t<p>Transmisi\u00f3n sin interrupciones<\/p>\n\t<h6>\n\t\t\t\t\tTestimonios\n\t\t\t\t<\/h6>\n\t<h2>\n\t\t\t\t\tClientes\n\t\t\t\t<\/h2>\n\t\u00abYo, listen up here&#8217;s a story<br aria-hidden=\"true\" \/>About a little guy<br aria-hidden=\"true\" \/>That lives in a blue world<br aria-hidden=\"true\" \/>And all day and all night<br aria-hidden=\"true\" \/>And everything he sees is just blue<br aria-hidden=\"true\" \/>Like him inside and outside\u00bb\n\t<h5>\n\t\t\t\t\tBenito\n\t\t\t\t<\/h5>\n\t\t\t<p>Puesto\/Empresa<\/p>\n\t\u00abBlue his house<br aria-hidden=\"true\" \/>With a blue little window<br aria-hidden=\"true\" \/>And a blue corvette<br aria-hidden=\"true\" \/>And everything is blue for him<br aria-hidden=\"true\" \/>And himself and everybody around<br aria-hidden=\"true\" \/>Cause he ain&#8217;t got nobody to listen to\u00bb\n\t<h5>\n\t\t\t\t\tJuanito\n\t\t\t\t<\/h5>\n\t\t\t<p>Puesto\/Empresa<\/p>\n<p>\u00a0<\/p>\n\t<p>\u00abI&#8217;m blue<br aria-hidden=\"true\" \/>Da ba dee da ba di<br aria-hidden=\"true\" \/>Da ba dee da ba di<br aria-hidden=\"true\" \/>Da ba dee da ba di<br aria-hidden=\"true\" \/>Da ba dee da ba di<br aria-hidden=\"true\" \/>Da ba dee da ba di<br aria-hidden=\"true\" \/>Da ba dee da ba di<br aria-hidden=\"true\" \/>Da ba dee da ba di\u00bb<\/p>\n\t<h5>\n\t\t\t\t\tPrudencio\n\t\t\t\t<\/h5>\n\t\t\t<p>Puesto\/Empresa<\/p>\n\n","protected":false},"excerpt":{"rendered":"<p>XH-XXX Radio Social Radio Social transmitiendo desde xxxx con xxxx Watts de potencia Quienes somos Somos una asociacion&#8230;. Social Mantener informada a la poblaci\u00f3n con hechos relevante Read More Cultural Difundir cultura Read More Interes publico Transmitir informaci\u00f3n y avisos de inter\u00e9s publico Read More Why Choose Me Accurate Record Keeping Lorem ipsum dolor sit [&hellip;]<\/p>\n","protected":false},"author":2,"featured_media":0,"parent":0,"menu_order":0,"comment_status":"closed","ping_status":"closed","template":"","meta":{"_coblocks_attr":"","_coblocks_dimensions":"","_coblocks_responsive_height":"","_coblocks_accordion_ie_support":"","site-sidebar-layout":"no-sidebar","site-content-layout":"page-builder","ast-site-content-layout":"full-width-container","site-content-style":"unboxed","site-sidebar-style":"unboxed","ast-global-header-display":"","ast-banner-title-visibility":"","ast-main-header-display":"","ast-hfb-above-header-display":"","ast-hfb-below-header-display":"","ast-hfb-mobile-header-display":"","site-post-title":"disabled","ast-breadcrumbs-content":"","ast-featured-img":"disabled","footer-sml-layout":"","ast-disable-related-posts":"","theme-transparent-header-meta":"enabled","adv-header-id-meta":"","stick-header-meta":"","header-above-stick-meta":"","header-main-stick-meta":"","header-below-stick-meta":"","astra-migrate-meta-layouts":"set","ast-page-background-enabled":"default","ast-page-background-meta":{"desktop":{"background-color":"","background-image":"","background-repeat":"repeat","background-position":"center center","background-size":"auto","background-attachment":"scroll","background-type":"","background-media":"","overlay-type":"","overlay-color":"","overlay-opacity":"","overlay-gradient":""},"tablet":{"background-color":"","background-image":"","background-repeat":"repeat","background-position":"center center","background-size":"auto","background-attachment":"scroll","background-type":"","background-media":"","overlay-type":"","overlay-color":"","overlay-opacity":"","overlay-gradient":""},"mobile":{"background-color":"","background-image":"","background-repeat":"repeat","background-position":"center center","background-size":"auto","background-attachment":"scroll","background-type":"","background-media":"","overlay-type":"","overlay-color":"","overlay-opacity":"","overlay-gradient":""}},"ast-content-background-meta":{"desktop":{"background-color":"var(--ast-global-color-5)","background-image":"","background-repeat":"repeat","background-position":"center center","background-size":"auto","background-attachment":"scroll","background-type":"","background-media":"","overlay-type":"","overlay-color":"","overlay-opacity":"","overlay-gradient":""},"tablet":{"background-color":"var(--ast-global-color-5)","background-image":"","background-repeat":"repeat","background-position":"center center","background-size":"auto","background-attachment":"scroll","background-type":"","background-media":"","overlay-type":"","overlay-color":"","overlay-opacity":"","overlay-gradient":""},"mobile":{"background-color":"var(--ast-global-color-5)","background-image":"","background-repeat":"repeat","background-position":"center center","background-size":"auto","background-attachment":"scroll","background-type":"","background-media":"","overlay-type":"","overlay-color":"","overlay-opacity":"","overlay-gradient":""}},"_themeisle_gutenberg_block_has_review":false,"footnotes":""},"class_list":["post-632","page","type-page","status-publish","hentry"],"_links":{"self":[{"href":"https:\/\/www.mecs.org.mx\/mecs\/wp-json\/wp\/v2\/pages\/632","targetHints":{"allow":["GET"]}}],"collection":[{"href":"https:\/\/www.mecs.org.mx\/mecs\/wp-json\/wp\/v2\/pages"}],"about":[{"href":"https:\/\/www.mecs.org.mx\/mecs\/wp-json\/wp\/v2\/types\/page"}],"author":[{"embeddable":true,"href":"https:\/\/www.mecs.org.mx\/mecs\/wp-json\/wp\/v2\/users\/2"}],"replies":[{"embeddable":true,"href":"https:\/\/www.mecs.org.mx\/mecs\/wp-json\/wp\/v2\/comments?post=632"}],"version-history":[{"count":25,"href":"https:\/\/www.mecs.org.mx\/mecs\/wp-json\/wp\/v2\/pages\/632\/revisions"}],"predecessor-version":[{"id":911,"href":"https:\/\/www.mecs.org.mx\/mecs\/wp-json\/wp\/v2\/pages\/632\/revisions\/911"}],"wp:attachment":[{"href":"https:\/\/www.mecs.org.mx\/mecs\/wp-json\/wp\/v2\/media?parent=632"}],"curies":[{"name":"wp","href":"https:\/\/api.w.org\/{rel}","templated":true}]}}